{"id":1095,"date":"2025-04-02T16:19:28","date_gmt":"2025-04-02T16:19:28","guid":{"rendered":"https:\/\/gestuet-meyenburg.de\/?page_id=1095"},"modified":"2025-04-02T16:19:28","modified_gmt":"2025-04-02T16:19:28","slug":"verkaufspferd-chere-choupette","status":"publish","type":"page","link":"https:\/\/gestuet-meyenburg.de\/en\/verkaufspferd-chere-choupette","title":{"rendered":"Sale Horse Chere Choupette"},"content":{"rendered":"\t\t<div data-elementor-type=\"wp-page\" data-elementor-id=\"1095\" class=\"elementor elementor-1095 elementor-258\" data-elementor-post-type=\"page\">\n\t\t\t\t<div class=\"elementor-element elementor-element-eeb10b1 e-flex e-con-boxed e-con e-parent\" data-id=\"eeb10b1\" data-element_type=\"container\" data-e-type=\"container\">\n\t\t\t\t\t<div class=\"e-con-inner\">\n\t\t\t\t<div class=\"elementor-element elementor-element-1e35c38 elementor-widget elementor-widget-text-editor\" data-id=\"1e35c38\" data-element_type=\"widget\" data-e-type=\"widget\" data-widget_type=\"text-editor.default\">\n\t\t\t\t<div class=\"elementor-widget-container\">\n\t\t\t\t\t\t\t\t\t<div id=\"cc-m-11554688193\" class=\"j-module n j-header \"><h2 id=\"cc-m-header-11554688193\" class=\"\">Fohlen von DODO WEIHGAND aus der ELITESTUTE CHERE AMIE<\/h2><\/div><div id=\"cc-m-11554691093\" class=\"j-module n j-text \"><p><strong>CHERE CHOUPETTE (Pr\u00e4mienfohlen)<\/strong><\/p><\/div><div id=\"cc-m-11554689293\" class=\"j-module n j-text \"><p>geboren am 13.03.2020, Schwarzbraun<\/p><\/div><div id=\"cc-m-11932848693\" class=\"j-module n j-imageSubtitle \"><figure class=\"cc-imagewrapper cc-m-image-align-3\"><img decoding=\"async\" id=\"cc-m-imagesubtitle-image-11932848693\" class=\"\" src=\"https:\/\/image.jimcdn.com\/app\/cms\/image\/transf\/dimension=423x10000:format=jpg\/path\/sea571835b3d319dc\/image\/i81d23e0542efb2f7\/version\/1643992813\/image.jpg\" sizes=\"(min-width: 423px) 423px, 100vw\" srcset=\"https:\/\/image.jimcdn.com\/app\/cms\/image\/transf\/dimension=320x10000:format=jpg\/path\/sea571835b3d319dc\/image\/i81d23e0542efb2f7\/version\/1643992813\/image.jpg 320w, https:\/\/image.jimcdn.com\/app\/cms\/image\/transf\/dimension=423x10000:format=jpg\/path\/sea571835b3d319dc\/image\/i81d23e0542efb2f7\/version\/1643992813\/image.jpg 423w, https:\/\/image.jimcdn.com\/app\/cms\/image\/transf\/dimension=640x10000:format=jpg\/path\/sea571835b3d319dc\/image\/i81d23e0542efb2f7\/version\/1643992813\/image.jpg 640w, https:\/\/image.jimcdn.com\/app\/cms\/image\/transf\/dimension=846x10000:format=jpg\/path\/sea571835b3d319dc\/image\/i81d23e0542efb2f7\/version\/1643992813\/image.jpg 846w\" alt=\"\" data-src-width=\"878\" data-src-height=\"930\" data-src=\"https:\/\/image.jimcdn.com\/app\/cms\/image\/transf\/dimension=423x10000:format=jpg\/path\/sea571835b3d319dc\/image\/i81d23e0542efb2f7\/version\/1643992813\/image.jpg\" data-image-id=\"8323736993\" \/><\/figure><div class=\"cc-clear\">\u00a0<\/div><\/div><div id=\"cc-m-11932869893\" class=\"j-module n j-imageSubtitle \"><figure class=\"cc-imagewrapper cc-m-image-align-3\"><\/figure><div class=\"cc-clear\">\u00a0<\/div><\/div><div id=\"cc-m-11554699793\" class=\"j-module n j-spacing \"><div class=\"cc-m-spacer\">\u00a0<\/div><\/div><div id=\"cc-m-11554702193\" class=\"j-module n j-hr \"><hr \/><\/div><div id=\"cc-m-11554702093\" class=\"j-module n j-spacing \"><div class=\"cc-m-spacer\">\u00a0<\/div><\/div><div id=\"cc-m-11554673993\" class=\"j-module n j-header \"><h2 id=\"cc-m-header-11554673993\" class=\"\">Vater DODO WEIHGAND<\/h2><\/div><div id=\"cc-m-11554677693\" class=\"j-module n j-text \"><p>Dodo Weihgand war Reservesieger der Oldenburger K\u00f6rung 2018. Seine Schulterfreiheit und sein aktives Hinterbein zeichneten ihn bereits da als zuk\u00fcnftiges Sportpferd aus. Dieses best\u00e4tigte er auch anl\u00e4\u00dflich seiner Sportpr\u00fcfung 2020 mit den Einzelnoten f\u00fcr Trab 8,0, Galopp 8,8, Schritt 8,8, Rittigkeit 9,00 und einem Gesamteindruck von 8,70.\u00a0<\/p><\/div><div id=\"cc-m-11573915293\" class=\"j-module n j-spacing \"><div class=\"cc-m-spacer\">\u00a0<\/div><\/div><div id=\"cc-m-11573915493\" class=\"j-module n j-text \"><p>DODO WEIHGAND anl\u00e4sslich seiner K\u00f6rung<\/p><\/div><div id=\"cc-m-11573914493\" class=\"j-module n j-imageSubtitle \"><figure class=\"cc-imagewrapper cc-m-image-align-3\"><img decoding=\"async\" id=\"cc-m-imagesubtitle-image-11573914493\" class=\"\" src=\"https:\/\/image.jimcdn.com\/app\/cms\/image\/transf\/dimension=648x10000:format=jpg\/path\/sea571835b3d319dc\/image\/i8c4df093fa5f63dc\/version\/1590144641\/image.jpg\" sizes=\"(min-width: 648px) 648px, 100vw\" srcset=\"https:\/\/image.jimcdn.com\/app\/cms\/image\/transf\/dimension=320x10000:format=jpg\/path\/sea571835b3d319dc\/image\/i8c4df093fa5f63dc\/version\/1590144641\/image.jpg 320w, https:\/\/image.jimcdn.com\/app\/cms\/image\/transf\/dimension=640x10000:format=jpg\/path\/sea571835b3d319dc\/image\/i8c4df093fa5f63dc\/version\/1590144641\/image.jpg 640w, https:\/\/image.jimcdn.com\/app\/cms\/image\/transf\/dimension=648x10000:format=jpg\/path\/sea571835b3d319dc\/image\/i8c4df093fa5f63dc\/version\/1590144641\/image.jpg 648w, https:\/\/image.jimcdn.com\/app\/cms\/image\/transf\/dimension=960x10000:format=jpg\/path\/sea571835b3d319dc\/image\/i8c4df093fa5f63dc\/version\/1590144641\/image.jpg 960w, https:\/\/image.jimcdn.com\/app\/cms\/image\/transf\/dimension=1280x10000:format=jpg\/path\/sea571835b3d319dc\/image\/i8c4df093fa5f63dc\/version\/1590144641\/image.jpg 1280w, https:\/\/image.jimcdn.com\/app\/cms\/image\/transf\/dimension=1296x10000:format=jpg\/path\/sea571835b3d319dc\/image\/i8c4df093fa5f63dc\/version\/1590144641\/image.jpg 1296w\" alt=\"\" data-src-width=\"3543\" data-src-height=\"2362\" data-src=\"https:\/\/image.jimcdn.com\/app\/cms\/image\/transf\/dimension=648x10000:format=jpg\/path\/sea571835b3d319dc\/image\/i8c4df093fa5f63dc\/version\/1590144641\/image.jpg\" data-image-id=\"8094327993\" \/><\/figure><div>\u00a0<\/div><div class=\"cc-clear\">Madeleine Winter-Schulze hat diesen besonderen Hengst bereits als Fohlen als Nachwuchspferd f\u00fcr Isabell Werth erworben.<\/div><\/div>\t\t\t\t\t\t\t\t<\/div>\n\t\t\t\t<\/div>\n\t\t\t\t\t<\/div>\n\t\t\t\t<\/div>\n\t\t\t\t<\/div>\n\t\t","protected":false},"excerpt":{"rendered":"<p>Foal by DODO WEIHGAND out of the ELITE MARE CHERE AMIE CHERE CHOUPETTE (Premium Foal) Born on March 13, 2020, Dark Bay Sire DODO WEIHGAND Dodo Weihgand was the reserve champion at the 2018 Oldenburg licensing. His freedom of shoulder and active hind leg already distinguished him as a future sport horse. He confirmed this [&hellip;]<\/p>\n","protected":false},"author":1,"featured_media":0,"parent":0,"menu_order":0,"comment_status":"closed","ping_status":"closed","template":"","meta":{"ocean_post_layout":"","ocean_both_sidebars_style":"","ocean_both_sidebars_content_width":0,"ocean_both_sidebars_sidebars_width":0,"ocean_sidebar":"","ocean_second_sidebar":"","ocean_disable_margins":"enable","ocean_add_body_class":"","ocean_shortcode_before_top_bar":"","ocean_shortcode_after_top_bar":"","ocean_shortcode_before_header":"","ocean_shortcode_after_header":"","ocean_has_shortcode":"","ocean_shortcode_after_title":"","ocean_shortcode_before_footer_widgets":"","ocean_shortcode_after_footer_widgets":"","ocean_shortcode_before_footer_bottom":"","ocean_shortcode_after_footer_bottom":"","ocean_display_top_bar":"default","ocean_display_header":"default","ocean_header_style":"","ocean_center_header_left_menu":"","ocean_custom_header_template":"","ocean_custom_logo":0,"ocean_custom_retina_logo":0,"ocean_custom_logo_max_width":0,"ocean_custom_logo_tablet_max_width":0,"ocean_custom_logo_mobile_max_width":0,"ocean_custom_logo_max_height":0,"ocean_custom_logo_tablet_max_height":0,"ocean_custom_logo_mobile_max_height":0,"ocean_header_custom_menu":"","ocean_menu_typo_font_family":"","ocean_menu_typo_font_subset":"","ocean_menu_typo_font_size":0,"ocean_menu_typo_font_size_tablet":0,"ocean_menu_typo_font_size_mobile":0,"ocean_menu_typo_font_size_unit":"px","ocean_menu_typo_font_weight":"","ocean_menu_typo_font_weight_tablet":"","ocean_menu_typo_font_weight_mobile":"","ocean_menu_typo_transform":"","ocean_menu_typo_transform_tablet":"","ocean_menu_typo_transform_mobile":"","ocean_menu_typo_line_height":0,"ocean_menu_typo_line_height_tablet":0,"ocean_menu_typo_line_height_mobile":0,"ocean_menu_typo_line_height_unit":"","ocean_menu_typo_spacing":0,"ocean_menu_typo_spacing_tablet":0,"ocean_menu_typo_spacing_mobile":0,"ocean_menu_typo_spacing_unit":"","ocean_menu_link_color":"","ocean_menu_link_color_hover":"","ocean_menu_link_color_active":"","ocean_menu_link_background":"","ocean_menu_link_hover_background":"","ocean_menu_link_active_background":"","ocean_menu_social_links_bg":"","ocean_menu_social_hover_links_bg":"","ocean_menu_social_links_color":"","ocean_menu_social_hover_links_color":"","ocean_disable_title":"default","ocean_disable_heading":"default","ocean_post_title":"","ocean_post_subheading":"","ocean_post_title_style":"","ocean_post_title_background_color":"","ocean_post_title_background":0,"ocean_post_title_bg_image_position":"","ocean_post_title_bg_image_attachment":"","ocean_post_title_bg_image_repeat":"","ocean_post_title_bg_image_size":"","ocean_post_title_height":0,"ocean_post_title_bg_overlay":0.5,"ocean_post_title_bg_overlay_color":"","ocean_disable_breadcrumbs":"default","ocean_breadcrumbs_color":"","ocean_breadcrumbs_separator_color":"","ocean_breadcrumbs_links_color":"","ocean_breadcrumbs_links_hover_color":"","ocean_display_footer_widgets":"default","ocean_display_footer_bottom":"default","ocean_custom_footer_template":"","ofc_meta_disable_footer_callout":"","ofc_meta_callout_button_url":"","ofc_meta_callout_button_txt":"","ofc_meta_callout_text":"","ofc_enable_fullscreen":"disable","ofc_fullscreen_speed":0,"ofc_fullscreen_nav":"enable","ofc_fullscreen_nav_pos":"right","ofc_fullscreen_nav_color":"","ofc_fullscreen_nav_tooltip_color":"","ofc_fullscreen_responsive":0,"osp_disable_panel":"default","osh_disable_topbar_sticky":"default","osh_disable_header_sticky":"default","osh_sticky_header_style":"default","osh_sticky_header_effect":"","osh_custom_sticky_logo":0,"osh_custom_retina_sticky_logo":0,"osh_custom_sticky_logo_height":0,"osh_background_color":"","osh_links_color":"","osh_links_hover_color":"","osh_links_active_color":"","osh_links_bg_color":"","osh_links_hover_bg_color":"","osh_links_active_bg_color":"","osh_menu_social_links_color":"","osh_menu_social_hover_links_color":"","footnotes":""},"class_list":["post-1095","page","type-page","status-publish","hentry","entry"],"_links":{"self":[{"href":"https:\/\/gestuet-meyenburg.de\/en\/wp-json\/wp\/v2\/pages\/1095","targetHints":{"allow":["GET"]}}],"collection":[{"href":"https:\/\/gestuet-meyenburg.de\/en\/wp-json\/wp\/v2\/pages"}],"about":[{"href":"https:\/\/gestuet-meyenburg.de\/en\/wp-json\/wp\/v2\/types\/page"}],"author":[{"embeddable":true,"href":"https:\/\/gestuet-meyenburg.de\/en\/wp-json\/wp\/v2\/users\/1"}],"replies":[{"embeddable":true,"href":"https:\/\/gestuet-meyenburg.de\/en\/wp-json\/wp\/v2\/comments?post=1095"}],"version-history":[{"count":1,"href":"https:\/\/gestuet-meyenburg.de\/en\/wp-json\/wp\/v2\/pages\/1095\/revisions"}],"predecessor-version":[{"id":1096,"href":"https:\/\/gestuet-meyenburg.de\/en\/wp-json\/wp\/v2\/pages\/1095\/revisions\/1096"}],"wp:attachment":[{"href":"https:\/\/gestuet-meyenburg.de\/en\/wp-json\/wp\/v2\/media?parent=1095"}],"curies":[{"name":"wp","href":"https:\/\/api.w.org\/{rel}","templated":true}]}}